{"id":3829,"date":"2024-03-23T18:53:13","date_gmt":"2024-03-23T17:53:13","guid":{"rendered":"https:\/\/mehimec.com\/portal\/?page_id=3829"},"modified":"2024-03-25T17:16:04","modified_gmt":"2024-03-25T16:16:04","slug":"seguridad","status":"publish","type":"page","link":"https:\/\/mehimec.com\/portal\/seguridad\/","title":{"rendered":"SEGURIDAD"},"content":{"rendered":"\t\t<div data-elementor-type=\"wp-page\" data-elementor-id=\"3829\" class=\"elementor elementor-3829\" data-elementor-post-type=\"page\">\n\t\t\t\t<div class=\"elementor-element elementor-element-d0c6f2f e-con-full e-flex e-con e-parent\" data-id=\"d0c6f2f\" data-element_type=\"container\" data-settings=\"{&quot;background_background&quot;:&quot;classic&quot;}\" data-core-v316-plus=\"true\">\n\t\t\t\t<div class=\"elementor-element elementor-element-4facd17 elementor-widget elementor-widget-image\" data-id=\"4facd17\" data-element_type=\"widget\" data-widget_type=\"image.default\">\n\t\t\t\t<div class=\"elementor-widget-container\">\n\t\t\t<style>\/*! elementor - v3.20.0 - 20-03-2024 *\/\n.elementor-widget-image{text-align:center}.elementor-widget-image a{display:inline-block}.elementor-widget-image a img[src$=\".svg\"]{width:48px}.elementor-widget-image img{vertical-align:middle;display:inline-block}<\/style>\t\t\t\t\t\t\t\t\t\t<img fetchpriority=\"high\" decoding=\"async\" width=\"1895\" height=\"542\" src=\"https:\/\/mehimec.com\/portal\/wp-content\/uploads\/2024\/03\/seguridad01.jpg\" class=\"attachment-full size-full wp-image-3836\" alt=\"\" srcset=\"https:\/\/mehimec.com\/portal\/wp-content\/uploads\/2024\/03\/seguridad01.jpg 1895w, https:\/\/mehimec.com\/portal\/wp-content\/uploads\/2024\/03\/seguridad01-300x86.jpg 300w, https:\/\/mehimec.com\/portal\/wp-content\/uploads\/2024\/03\/seguridad01-1024x293.jpg 1024w, https:\/\/mehimec.com\/portal\/wp-content\/uploads\/2024\/03\/seguridad01-768x220.jpg 768w, https:\/\/mehimec.com\/portal\/wp-content\/uploads\/2024\/03\/seguridad01-1536x439.jpg 1536w, https:\/\/mehimec.com\/portal\/wp-content\/uploads\/2024\/03\/seguridad01-600x172.jpg 600w\" sizes=\"(max-width: 1895px) 100vw, 1895px\" \/>\t\t\t\t\t\t\t\t\t\t\t\t\t<\/div>\n\t\t\t\t<\/div>\n\t\t\t\t<\/div>\n\t\t<div class=\"elementor-element elementor-element-3bed26d e-flex e-con-boxed e-con e-parent\" data-id=\"3bed26d\" data-element_type=\"container\" data-core-v316-plus=\"true\">\n\t\t\t\t\t<div class=\"e-con-inner\">\n\t\t<div class=\"elementor-element elementor-element-79cb6ee e-transform e-flex e-con-boxed e-con e-child\" data-id=\"79cb6ee\" data-element_type=\"container\" data-settings=\"{&quot;background_background&quot;:&quot;classic&quot;,&quot;_transform_scale_effect_hover&quot;:{&quot;unit&quot;:&quot;px&quot;,&quot;size&quot;:1.02,&quot;sizes&quot;:[]},&quot;_transform_scale_effect_hover_tablet&quot;:{&quot;unit&quot;:&quot;px&quot;,&quot;size&quot;:&quot;&quot;,&quot;sizes&quot;:[]},&quot;_transform_scale_effect_hover_mobile&quot;:{&quot;unit&quot;:&quot;px&quot;,&quot;size&quot;:&quot;&quot;,&quot;sizes&quot;:[]}}\">\n\t\t\t\t\t<div class=\"e-con-inner\">\n\t\t<div class=\"elementor-element elementor-element-8cc9141 e-flex e-con-boxed e-con e-child\" data-id=\"8cc9141\" data-element_type=\"container\">\n\t\t\t\t\t<div class=\"e-con-inner\">\n\t\t<div class=\"elementor-element elementor-element-423c350 e-flex e-con-boxed e-con e-child\" data-id=\"423c350\" data-element_type=\"container\">\n\t\t\t\t\t<div class=\"e-con-inner\">\n\t\t\t\t<div class=\"elementor-element elementor-element-1c9822d elementor-widget elementor-widget-heading\" data-id=\"1c9822d\" data-element_type=\"widget\" data-widget_type=\"heading.default\">\n\t\t\t\t<div class=\"elementor-widget-container\">\n\t\t\t<style>\/*! elementor - v3.20.0 - 20-03-2024 *\/\n.elementor-heading-title{padding:0;margin:0;line-height:1}.elementor-widget-heading .elementor-heading-title[class*=elementor-size-]>a{color:inherit;font-size:inherit;line-height:inherit}.elementor-widget-heading .elementor-heading-title.elementor-size-small{font-size:15px}.elementor-widget-heading .elementor-heading-title.elementor-size-medium{font-size:19px}.elementor-widget-heading .elementor-heading-title.elementor-size-large{font-size:29px}.elementor-widget-heading .elementor-heading-title.elementor-size-xl{font-size:39px}.elementor-widget-heading .elementor-heading-title.elementor-size-xxl{font-size:59px}<\/style><h2 class=\"elementor-heading-title elementor-size-default\">Seguridad en elTrabajo, Salud Ocupacional y Cuidado del Medio Ambiente<\/h2>\t\t<\/div>\n\t\t\t\t<\/div>\n\t\t\t\t<div class=\"elementor-element elementor-element-5ccb340 elementor-widget elementor-widget-text-editor\" data-id=\"5ccb340\" data-element_type=\"widget\" data-widget_type=\"text-editor.default\">\n\t\t\t\t<div class=\"elementor-widget-container\">\n\t\t\t<style>\/*! elementor - v3.20.0 - 20-03-2024 *\/\n.elementor-widget-text-editor.elementor-drop-cap-view-stacked .elementor-drop-cap{background-color:#69727d;color:#fff}.elementor-widget-text-editor.elementor-drop-cap-view-framed .elementor-drop-cap{color:#69727d;border:3px solid;background-color:transparent}.elementor-widget-text-editor:not(.elementor-drop-cap-view-default) .elementor-drop-cap{margin-top:8px}.elementor-widget-text-editor:not(.elementor-drop-cap-view-default) .elementor-drop-cap-letter{width:1em;height:1em}.elementor-widget-text-editor .elementor-drop-cap{float:left;text-align:center;line-height:1;font-size:50px}.elementor-widget-text-editor .elementor-drop-cap-letter{display:inline-block}<\/style>\t\t\t\t<p>Nuestro compromiso con la seguridad en el trabajo, salud ocupacional y cuidado del medio ambiente ha permitido lograr un \u00edndice de cero accidentes desde el inicio de las operaciones de MEHIMEC S.A.C., hecho que nos enorgullece, nos distingue y nos alienta a seguir mejorando nuestra \u00e1rea de seguridad, con una proyecci\u00f3n a mediano plazo de conseguir una certificaci\u00f3n ISO 18001 (Sistema de Gesti\u00f3n de Seguridad y Salud) y de esta manera consolidarnos en el mercado nacional.<\/p>\t\t\t\t\t\t<\/div>\n\t\t\t\t<\/div>\n\t\t\t\t<div class=\"elementor-element elementor-element-beb92a7 elementor-widget elementor-widget-image\" data-id=\"beb92a7\" data-element_type=\"widget\" data-widget_type=\"image.default\">\n\t\t\t\t<div class=\"elementor-widget-container\">\n\t\t\t\t\t\t\t\t\t\t\t\t\t<img decoding=\"async\" width=\"1366\" height=\"314\" src=\"https:\/\/mehimec.com\/portal\/wp-content\/uploads\/2024\/03\/seguridad02.jpg\" class=\"attachment-full size-full wp-image-3838\" alt=\"\" srcset=\"https:\/\/mehimec.com\/portal\/wp-content\/uploads\/2024\/03\/seguridad02.jpg 1366w, https:\/\/mehimec.com\/portal\/wp-content\/uploads\/2024\/03\/seguridad02-300x69.jpg 300w, https:\/\/mehimec.com\/portal\/wp-content\/uploads\/2024\/03\/seguridad02-1024x235.jpg 1024w, https:\/\/mehimec.com\/portal\/wp-content\/uploads\/2024\/03\/seguridad02-768x177.jpg 768w, https:\/\/mehimec.com\/portal\/wp-content\/uploads\/2024\/03\/seguridad02-600x138.jpg 600w\" sizes=\"(max-width: 1366px) 100vw, 1366px\" \/>\t\t\t\t\t\t\t\t\t\t\t\t\t<\/div>\n\t\t\t\t<\/div>\n\t\t\t\t\t<\/div>\n\t\t\t\t<\/div>\n\t\t\t\t\t<\/div>\n\t\t\t\t<\/div>\n\t\t\t\t\t<\/div>\n\t\t\t\t<\/div>\n\t\t\t\t\t<\/div>\n\t\t\t\t<\/div>\n\t\t<div class=\"elementor-element elementor-element-7afae09 e-flex e-con-boxed e-con e-parent\" data-id=\"7afae09\" data-element_type=\"container\" data-core-v316-plus=\"true\">\n\t\t\t\t\t<div class=\"e-con-inner\">\n\t\t<div class=\"elementor-element elementor-element-fb30844 e-flex e-con-boxed e-con e-child\" data-id=\"fb30844\" data-element_type=\"container\" data-settings=\"{&quot;background_background&quot;:&quot;gradient&quot;}\">\n\t\t\t\t\t<div class=\"e-con-inner\">\n\t\t<div class=\"elementor-element elementor-element-a28d2b5 e-con-full e-flex e-con e-child\" data-id=\"a28d2b5\" data-element_type=\"container\">\n\t\t\t\t<div class=\"elementor-element elementor-element-be1cd6e elementor-widget elementor-widget-heading\" data-id=\"be1cd6e\" data-element_type=\"widget\" data-widget_type=\"heading.default\">\n\t\t\t\t<div class=\"elementor-widget-container\">\n\t\t\t<h2 class=\"elementor-heading-title elementor-size-default\">Cont\u00e1ctanos ahora para ayudarte<\/h2>\t\t<\/div>\n\t\t\t\t<\/div>\n\t\t\t\t<div class=\"elementor-element elementor-element-f6be7b9 elementor-widget elementor-widget-heading\" data-id=\"f6be7b9\" data-element_type=\"widget\" data-widget_type=\"heading.default\">\n\t\t\t\t<div class=\"elementor-widget-container\">\n\t\t\t<h2 class=\"elementor-heading-title elementor-size-default\">En MEHIMEC, trabajamos con altos niveles de calidad para mantener la energ\u00eda limpia del pa\u00eds.<\/h2>\t\t<\/div>\n\t\t\t\t<\/div>\n\t\t\t\t<\/div>\n\t\t<div class=\"elementor-element elementor-element-288956f e-flex e-con-boxed e-con e-child\" data-id=\"288956f\" data-element_type=\"container\">\n\t\t\t\t\t<div class=\"e-con-inner\">\n\t\t\t\t<div class=\"elementor-element elementor-element-bf926a1 elementor-align-center elementor-widget elementor-widget-button\" data-id=\"bf926a1\" data-element_type=\"widget\" data-widget_type=\"button.default\">\n\t\t\t\t<div class=\"elementor-widget-container\">\n\t\t\t\t\t<div class=\"elementor-button-wrapper\">\n\t\t\t<a class=\"elementor-button elementor-button-link elementor-size-sm elementor-animation-pulse\" href=\"https:\/\/mehimec.com\/portal\/contacto\/\">\n\t\t\t\t\t\t<span class=\"elementor-button-content-wrapper\">\n\t\t\t\t\t\t<span class=\"elementor-button-icon elementor-align-icon-right\">\n\t\t\t\t<svg aria-hidden=\"true\" class=\"e-font-icon-svg e-far-arrow-alt-circle-right\" viewBox=\"0 0 512 512\" xmlns=\"http:\/\/www.w3.org\/2000\/svg\"><path d=\"M504 256C504 119 393 8 256 8S8 119 8 256s111 248 248 248 248-111 248-248zm-448 0c0-110.5 89.5-200 200-200s200 89.5 200 200-89.5 200-200 200S56 366.5 56 256zm72 20v-40c0-6.6 5.4-12 12-12h116v-67c0-10.7 12.9-16 20.5-8.5l99 99c4.7 4.7 4.7 12.3 0 17l-99 99c-7.6 7.6-20.5 2.2-20.5-8.5v-67H140c-6.6 0-12-5.4-12-12z\"><\/path><\/svg>\t\t\t<\/span>\n\t\t\t\t\t\t<span class=\"elementor-button-text\">CONT\u00c1CTENOS<\/span>\n\t\t<\/span>\n\t\t\t\t\t<\/a>\n\t\t<\/div>\n\t\t\t\t<\/div>\n\t\t\t\t<\/div>\n\t\t\t\t\t<\/div>\n\t\t\t\t<\/div>\n\t\t\t\t\t<\/div>\n\t\t\t\t<\/div>\n\t\t\t\t\t<\/div>\n\t\t\t\t<\/div>\n\t\t\t\t<\/div>\n\t\t","protected":false},"excerpt":{"rendered":"<p>Seguridad en elTrabajo, Salud Ocupacional y Cuidado del Medio Ambiente Nuestro compromiso con la seguridad en el trabajo, salud ocupacional y cuidado del medio ambiente ha permitido lograr un \u00edndice de cero accidentes desde el inicio de las operaciones de MEHIMEC S.A.C., hecho que nos enorgullece, nos distingue y nos alienta a seguir mejorando nuestra&#8230;<\/p>\n","protected":false},"author":2,"featured_media":0,"parent":0,"menu_order":0,"comment_status":"closed","ping_status":"closed","template":"elementor_header_footer","meta":{"footnotes":""},"class_list":["post-3829","page","type-page","status-publish","hentry"],"acf":[],"_links":{"self":[{"href":"https:\/\/mehimec.com\/portal\/wp-json\/wp\/v2\/pages\/3829","targetHints":{"allow":["GET"]}}],"collection":[{"href":"https:\/\/mehimec.com\/portal\/wp-json\/wp\/v2\/pages"}],"about":[{"href":"https:\/\/mehimec.com\/portal\/wp-json\/wp\/v2\/types\/page"}],"author":[{"embeddable":true,"href":"https:\/\/mehimec.com\/portal\/wp-json\/wp\/v2\/users\/2"}],"replies":[{"embeddable":true,"href":"https:\/\/mehimec.com\/portal\/wp-json\/wp\/v2\/comments?post=3829"}],"version-history":[{"count":13,"href":"https:\/\/mehimec.com\/portal\/wp-json\/wp\/v2\/pages\/3829\/revisions"}],"predecessor-version":[{"id":3848,"href":"https:\/\/mehimec.com\/portal\/wp-json\/wp\/v2\/pages\/3829\/revisions\/3848"}],"wp:attachment":[{"href":"https:\/\/mehimec.com\/portal\/wp-json\/wp\/v2\/media?parent=3829"}],"curies":[{"name":"wp","href":"https:\/\/api.w.org\/{rel}","templated":true}]}}